{"id":60,"date":"2024-04-09T17:29:12","date_gmt":"2024-04-09T15:29:12","guid":{"rendered":"https:\/\/xodogs.com\/?page_id=60"},"modified":"2024-04-13T01:43:56","modified_gmt":"2024-04-12T23:43:56","slug":"contact","status":"publish","type":"page","link":"https:\/\/xodogs.com\/index.php\/contact\/","title":{"rendered":"Contact"},"content":{"rendered":"\n<div class=\"wp-block-columns is-layout-flex wp-container-core-columns-is-layout-1 wp-block-columns-is-layout-flex\">\n<div class=\"wp-block-column is-vertically-aligned-center is-layout-flow wp-block-column-is-layout-flow\" style=\"flex-basis:33.33%\">\n<p><\/p>\n\n\n\n<p class=\"has-text-align-center has-medium-font-size\"><strong>Lori Evans<\/strong><\/p>\n\n\n\n<p class=\"has-text-align-center\"><strong><a href=\"mailto:xodogs@gmail.com\">xodogs@gmail.com<\/a><br>cell: (484) 744-5158<\/strong><\/p>\n\n\n\n<p class=\"has-text-align-center\"><strong>Collegeville, Pennsylvania<\/strong><br><strong>USA<\/strong><\/p>\n\n\n\n<hr class=\"wp-block-separator has-alpha-channel-opacity is-style-dots\"\/>\n\n\n\n<p class=\"has-text-align-center\">You can find us also at <a href=\"https:\/\/www.facebook.com\/lori.evans.1804\" target=\"_blank\" rel=\"noreferrer noopener\">Facebook<\/a>.<\/p>\n<\/div>\n\n\n\n<div class=\"wp-block-column is-vertically-aligned-top is-layout-flow wp-block-column-is-layout-flow\" style=\"flex-basis:66.66%\">\n<figure data-wp-context=\"{&quot;uploadedSrc&quot;:&quot;https:\\\/\\\/xodogs.com\\\/wp-content\\\/uploads\\\/2024\\\/04\\\/318683_2411865385346_1326161695_n.jpg&quot;,&quot;figureClassNames&quot;:&quot;wp-block-image size-full&quot;,&quot;figureStyles&quot;:null,&quot;imgClassNames&quot;:&quot;wp-image-113&quot;,&quot;imgStyles&quot;:null,&quot;targetWidth&quot;:960,&quot;targetHeight&quot;:802,&quot;scaleAttr&quot;:false,&quot;ariaLabel&quot;:&quot;Zv\\u011bt\\u0161it obr\\u00e1zek&quot;,&quot;alt&quot;:&quot;&quot;}\" data-wp-interactive=\"core\/image\" class=\"wp-block-image size-full wp-lightbox-container\"><img loading=\"lazy\" decoding=\"async\" width=\"960\" height=\"802\" data-wp-init=\"callbacks.setButtonStyles\" data-wp-on--click=\"actions.showLightbox\" data-wp-on--load=\"callbacks.setButtonStyles\" data-wp-on-window--resize=\"callbacks.setButtonStyles\" src=\"https:\/\/xodogs.com\/wp-content\/uploads\/2024\/04\/318683_2411865385346_1326161695_n.jpg\" alt=\"\" class=\"wp-image-113\" srcset=\"https:\/\/xodogs.com\/wp-content\/uploads\/2024\/04\/318683_2411865385346_1326161695_n.jpg 960w, https:\/\/xodogs.com\/wp-content\/uploads\/2024\/04\/318683_2411865385346_1326161695_n-300x251.jpg 300w, https:\/\/xodogs.com\/wp-content\/uploads\/2024\/04\/318683_2411865385346_1326161695_n-768x642.jpg 768w\" sizes=\"(max-width: 960px) 100vw, 960px\" \/><button\n\t\t\tclass=\"lightbox-trigger\"\n\t\t\ttype=\"button\"\n\t\t\taria-haspopup=\"dialog\"\n\t\t\taria-label=\"Zv\u011bt\u0161it obr\u00e1zek\"\n\t\t\tdata-wp-init=\"callbacks.initTriggerButton\"\n\t\t\tdata-wp-on--click=\"actions.showLightbox\"\n\t\t\tdata-wp-style--right=\"context.imageButtonRight\"\n\t\t\tdata-wp-style--top=\"context.imageButtonTop\"\n\t\t>\n\t\t\t<svg xmlns=\"http:\/\/www.w3.org\/2000\/svg\" width=\"12\" height=\"12\" fill=\"none\" viewBox=\"0 0 12 12\">\n\t\t\t\t<path fill=\"#fff\" d=\"M2 0a2 2 0 0 0-2 2v2h1.5V2a.5.5 0 0 1 .5-.5h2V0H2Zm2 10.5H2a.5.5 0 0 1-.5-.5V8H0v2a2 2 0 0 0 2 2h2v-1.5ZM8 12v-1.5h2a.5.5 0 0 0 .5-.5V8H12v2a2 2 0 0 1-2 2H8Zm2-12a2 2 0 0 1 2 2v2h-1.5V2a.5.5 0 0 0-.5-.5H8V0h2Z\" \/>\n\t\t\t<\/svg>\n\t\t<\/button><figcaption class=\"wp-element-caption\">XO Bellagio &#8218;Gio&#8216; 1st major at Cape Cod Kennel Club 2011, judge Ray Filburn<\/figcaption><\/figure>\n<\/div>\n<\/div>\n\n\n\n<p><\/p>\n","protected":false},"excerpt":{"rendered":"<p>Lori Evans xodogs@gmail.comcell: (484) 744-5158 Collegeville, PennsylvaniaUSA You can find us also at Facebook.<\/p>\n","protected":false},"author":1,"featured_media":0,"parent":0,"menu_order":0,"comment_status":"closed","ping_status":"closed","template":"template-left-sidebar.php","meta":{"footnotes":""},"_links":{"self":[{"href":"https:\/\/xodogs.com\/index.php\/wp-json\/wp\/v2\/pages\/60"}],"collection":[{"href":"https:\/\/xodogs.com\/index.php\/wp-json\/wp\/v2\/pages"}],"about":[{"href":"https:\/\/xodogs.com\/index.php\/wp-json\/wp\/v2\/types\/page"}],"author":[{"embeddable":true,"href":"https:\/\/xodogs.com\/index.php\/wp-json\/wp\/v2\/users\/1"}],"replies":[{"embeddable":true,"href":"https:\/\/xodogs.com\/index.php\/wp-json\/wp\/v2\/comments?post=60"}],"version-history":[{"count":14,"href":"https:\/\/xodogs.com\/index.php\/wp-json\/wp\/v2\/pages\/60\/revisions"}],"predecessor-version":[{"id":232,"href":"https:\/\/xodogs.com\/index.php\/wp-json\/wp\/v2\/pages\/60\/revisions\/232"}],"wp:attachment":[{"href":"https:\/\/xodogs.com\/index.php\/wp-json\/wp\/v2\/media?parent=60"}],"curies":[{"name":"wp","href":"https:\/\/api.w.org\/{rel}","templated":true}]}}