{"id":347,"date":"2024-04-16T14:36:41","date_gmt":"2024-04-16T12:36:41","guid":{"rendered":"https:\/\/xodogs.com\/?page_id=347"},"modified":"2024-04-16T16:23:28","modified_gmt":"2024-04-16T14:23:28","slug":"currie","status":"publish","type":"page","link":"https:\/\/xodogs.com\/index.php\/currie\/","title":{"rendered":"AKC Ch Shema\u2019s Currie Nevada CGC"},"content":{"rendered":"<div class=\"wp-block-image\">\n<figure data-wp-context=\"{&quot;uploadedSrc&quot;:&quot;https:\\\/\\\/xodogs.com\\\/wp-content\\\/uploads\\\/2024\\\/04\\\/image-7.png&quot;,&quot;figureClassNames&quot;:&quot;aligncenter size-full&quot;,&quot;figureStyles&quot;:null,&quot;imgClassNames&quot;:&quot;wp-image-138&quot;,&quot;imgStyles&quot;:null,&quot;targetWidth&quot;:507,&quot;targetHeight&quot;:346,&quot;scaleAttr&quot;:false,&quot;ariaLabel&quot;:&quot;Zv\\u011bt\\u0161it obr\\u00e1zek&quot;,&quot;alt&quot;:&quot;&quot;}\" data-wp-interactive=\"core\/image\" class=\"aligncenter size-full wp-lightbox-container\"><img loading=\"lazy\" decoding=\"async\" width=\"507\" height=\"346\" data-wp-init=\"callbacks.setButtonStyles\" data-wp-on--click=\"actions.showLightbox\" data-wp-on--load=\"callbacks.setButtonStyles\" data-wp-on-window--resize=\"callbacks.setButtonStyles\" src=\"https:\/\/xodogs.com\/wp-content\/uploads\/2024\/04\/image-7.png\" alt=\"\" class=\"wp-image-138\" srcset=\"https:\/\/xodogs.com\/wp-content\/uploads\/2024\/04\/image-7.png 507w, https:\/\/xodogs.com\/wp-content\/uploads\/2024\/04\/image-7-300x205.png 300w\" sizes=\"(max-width: 507px) 100vw, 507px\" \/><button\n\t\t\tclass=\"lightbox-trigger\"\n\t\t\ttype=\"button\"\n\t\t\taria-haspopup=\"dialog\"\n\t\t\taria-label=\"Zv\u011bt\u0161it obr\u00e1zek\"\n\t\t\tdata-wp-init=\"callbacks.initTriggerButton\"\n\t\t\tdata-wp-on--click=\"actions.showLightbox\"\n\t\t\tdata-wp-style--right=\"context.imageButtonRight\"\n\t\t\tdata-wp-style--top=\"context.imageButtonTop\"\n\t\t>\n\t\t\t<svg xmlns=\"http:\/\/www.w3.org\/2000\/svg\" width=\"12\" height=\"12\" fill=\"none\" viewBox=\"0 0 12 12\">\n\t\t\t\t<path fill=\"#fff\" d=\"M2 0a2 2 0 0 0-2 2v2h1.5V2a.5.5 0 0 1 .5-.5h2V0H2Zm2 10.5H2a.5.5 0 0 1-.5-.5V8H0v2a2 2 0 0 0 2 2h2v-1.5ZM8 12v-1.5h2a.5.5 0 0 0 .5-.5V8H12v2a2 2 0 0 1-2 2H8Zm2-12a2 2 0 0 1 2 2v2h-1.5V2a.5.5 0 0 0-.5-.5H8V0h2Z\" \/>\n\t\t\t<\/svg>\n\t\t<\/button><figcaption class=\"wp-element-caption\">&#8222;Currie&#8220;<\/figcaption><\/figure><\/div>\n\n\n<p class=\"has-text-align-center\">Female, D.O.B. February 10, 1993, Date of Death \u2013 Thanksgiving Day 2000<br>(Ch Shema\u2019s Jon E Kharason CD x Ch Shema\u2019s Yo-Khan Mitanni)<\/p>\n\n\n\n<p class=\"has-text-align-center\">Ch Shema\u2019s Currie Nevada CGC &#8230;\u201cCurrie\u201d\u2026 Although Currie was not owned by me, she lived with me from 1995, until her untimely death in 2000 when she died quietly in her sleep during Thanksgiving dinner.<br>Currie did not enjoy the show ring, although cocktail shrimp made it bearable.<br>She also did not see the point in lure coursing, since nothing was better than her bed of pillows.<br>No Pharaoh can ever fill the hole in my heart left by this girl. Currie was sweet, gentle, loving, obedient, and beautiful. She always had to be touching me and would tremble whenever she was petted. Currie was pure love. I will miss her forever.<\/p>\n\n\n\n<p class=\"has-text-align-center\">Owner: Nancy &amp; Bill Sowerbutts<br>Breeder: Joyce Martin, Pam Haig &amp; Beverly McCoy<\/p>\n\n\n\n<div class=\"wp-block-buttons is-content-justification-center is-layout-flex wp-container-core-buttons-is-layout-1 wp-block-buttons-is-layout-flex\">\n<div class=\"wp-block-button\"><a class=\"wp-block-button__link wp-element-button\" href=\"https:\/\/pharaohhound.breedarchive.com\/animal\/view\/shemas-currie-nevada-27c12a26-9b48-4d5f-9901-1bb5f5c0a15b\" target=\"_blank\" rel=\"noreferrer noopener\">Pedigree \/ Info<\/a><\/div>\n<\/div>\n","protected":false},"excerpt":{"rendered":"<p>Female, D.O.B. February 10, 1993, Date of Death \u2013 Thanksgiving Day 2000(Ch Shema\u2019s Jon E Kharason CD x Ch Shema\u2019s Yo-Khan Mitanni) Ch Shema\u2019s Currie Nevada CGC &#8230;\u201cCurrie\u201d\u2026 Although Currie &#8230;<\/p>\n","protected":false},"author":1,"featured_media":0,"parent":0,"menu_order":0,"comment_status":"closed","ping_status":"closed","template":"","meta":{"footnotes":""},"_links":{"self":[{"href":"https:\/\/xodogs.com\/index.php\/wp-json\/wp\/v2\/pages\/347"}],"collection":[{"href":"https:\/\/xodogs.com\/index.php\/wp-json\/wp\/v2\/pages"}],"about":[{"href":"https:\/\/xodogs.com\/index.php\/wp-json\/wp\/v2\/types\/page"}],"author":[{"embeddable":true,"href":"https:\/\/xodogs.com\/index.php\/wp-json\/wp\/v2\/users\/1"}],"replies":[{"embeddable":true,"href":"https:\/\/xodogs.com\/index.php\/wp-json\/wp\/v2\/comments?post=347"}],"version-history":[{"count":12,"href":"https:\/\/xodogs.com\/index.php\/wp-json\/wp\/v2\/pages\/347\/revisions"}],"predecessor-version":[{"id":365,"href":"https:\/\/xodogs.com\/index.php\/wp-json\/wp\/v2\/pages\/347\/revisions\/365"}],"wp:attachment":[{"href":"https:\/\/xodogs.com\/index.php\/wp-json\/wp\/v2\/media?parent=347"}],"curies":[{"name":"wp","href":"https:\/\/api.w.org\/{rel}","templated":true}]}}