{"id":233,"date":"2024-04-14T07:37:49","date_gmt":"2024-04-14T05:37:49","guid":{"rendered":"https:\/\/xodogs.com\/?page_id=233"},"modified":"2024-04-17T14:30:47","modified_gmt":"2024-04-17T12:30:47","slug":"shemas-mia-mystic-excaliber","status":"publish","type":"page","link":"https:\/\/xodogs.com\/index.php\/shemas-mia-mystic-excaliber\/","title":{"rendered":"Ch Shema&#8217;s Mia Mystic Excaliber"},"content":{"rendered":"\n<p>AKC Champion, Luxembourg Champion, Netherlands Champion, Best in Specialty show win<br>Award of Merit at Westminster, AKC Stud Dog of Merit, BIS placements, BIG placements, Multiple BOB, CACIB, CAC<strong><br>Shema&#8217;s Mia Mystic Excaliber<\/strong><\/p>\n\n\n<div class=\"wp-block-image\">\n<figure class=\"aligncenter size-full\"><img loading=\"lazy\" decoding=\"async\" width=\"543\" height=\"512\" src=\"https:\/\/xodogs.com\/wp-content\/uploads\/2024\/04\/image-20.png\" alt=\"\" class=\"wp-image-235\" srcset=\"https:\/\/xodogs.com\/wp-content\/uploads\/2024\/04\/image-20.png 543w, https:\/\/xodogs.com\/wp-content\/uploads\/2024\/04\/image-20-300x283.png 300w\" sizes=\"(max-width: 543px) 100vw, 543px\" \/><\/figure><\/div>\n\n\n<p class=\"has-text-align-center\">&#8222;EX&#8220;, our special guest in the past<\/p>\n\n\n\n<p class=\"has-text-align-center\">DOB: 08-12-1999, HM 84588801<br>(Sire: Ch Shema&#8217;s Mia Arrowshaft x Dam: Shema&#8217;s Mia Xara of the Netherlands)<br>Owned by: Laura M Ford-Marchelos &amp; Michael McGuire, Latrobe, CA 95682<\/p>\n\n\n\n<div class=\"wp-block-buttons is-content-justification-center is-layout-flex wp-container-core-buttons-is-layout-1 wp-block-buttons-is-layout-flex\">\n<div class=\"wp-block-button\"><a class=\"wp-block-button__link wp-element-button\" href=\"https:\/\/pharaohhound.breedarchive.com\/animal\/view\/shemas-mia-mystic-excaliber-3ecf9cbb-5be1-4fd3-b88a-4ff984168c34\" target=\"_blank\" rel=\"noreferrer noopener\">Pedigree \/ Info<\/a><\/div>\n<\/div>\n\n\n\n<div style=\"height:30px\" aria-hidden=\"true\" class=\"wp-block-spacer\"><\/div>\n\n\n\n<figure class=\"wp-block-gallery has-nested-images columns-default is-cropped wp-block-gallery-1 is-layout-flex wp-block-gallery-is-layout-flex\">\n<figure class=\"wp-block-image size-large\"><img loading=\"lazy\" decoding=\"async\" width=\"576\" height=\"400\" data-id=\"243\" src=\"https:\/\/xodogs.com\/wp-content\/uploads\/2024\/04\/Genk_Excaliber_in_Group_ring.jpg\" alt=\"\" class=\"wp-image-243\" srcset=\"https:\/\/xodogs.com\/wp-content\/uploads\/2024\/04\/Genk_Excaliber_in_Group_ring.jpg 576w, https:\/\/xodogs.com\/wp-content\/uploads\/2024\/04\/Genk_Excaliber_in_Group_ring-300x208.jpg 300w\" sizes=\"(max-width: 576px) 100vw, 576px\" \/><\/figure>\n\n\n\n<figure class=\"wp-block-image size-large\"><img loading=\"lazy\" decoding=\"async\" width=\"460\" height=\"450\" data-id=\"247\" src=\"https:\/\/xodogs.com\/wp-content\/uploads\/2024\/04\/Genk_Excaliber_BIS8.jpg\" alt=\"\" class=\"wp-image-247\" srcset=\"https:\/\/xodogs.com\/wp-content\/uploads\/2024\/04\/Genk_Excaliber_BIS8.jpg 460w, https:\/\/xodogs.com\/wp-content\/uploads\/2024\/04\/Genk_Excaliber_BIS8-300x293.jpg 300w\" sizes=\"(max-width: 460px) 100vw, 460px\" \/><\/figure>\n\n\n\n<figure class=\"wp-block-image size-large\"><img loading=\"lazy\" decoding=\"async\" width=\"577\" height=\"400\" data-id=\"241\" src=\"https:\/\/xodogs.com\/wp-content\/uploads\/2024\/04\/image-21.png\" alt=\"\" class=\"wp-image-241\" srcset=\"https:\/\/xodogs.com\/wp-content\/uploads\/2024\/04\/image-21.png 577w, https:\/\/xodogs.com\/wp-content\/uploads\/2024\/04\/image-21-300x208.png 300w\" sizes=\"(max-width: 577px) 100vw, 577px\" \/><\/figure>\n<\/figure>\n\n\n\n<div style=\"height:30px\" aria-hidden=\"true\" class=\"wp-block-spacer\"><\/div>\n\n\n\n<figure class=\"wp-block-table\"><table><tbody><tr><td>26.05.07<\/td><td class=\"has-text-align-center\" data-align=\"center\">NL<\/td><td class=\"has-text-align-right\" data-align=\"right\">CAC, CACIB \/&nbsp;<strong>NL Champion<\/strong><\/td><\/tr><tr><td>19.05.07<\/td><td class=\"has-text-align-center\" data-align=\"center\">B<\/td><td class=\"has-text-align-right\" data-align=\"right\">CAC, CACIB<\/td><\/tr><tr><td>28.04.07<\/td><td class=\"has-text-align-center\" data-align=\"center\">B<\/td><td class=\"has-text-align-right\" data-align=\"right\">CAC, CACIB<\/td><\/tr><tr><td>22.04.07<\/td><td class=\"has-text-align-center\" data-align=\"center\">NL<\/td><td class=\"has-text-align-right\" data-align=\"right\">CAC, CACIB,&nbsp;<strong>BOB<\/strong>,&nbsp;<strong>BOG-2<\/strong><\/td><\/tr><tr><td>14.04.07<\/td><td class=\"has-text-align-center\" data-align=\"center\">B<\/td><td class=\"has-text-align-right\" data-align=\"right\">CAC, CACIB,&nbsp;<strong>BOB<\/strong>,&nbsp;<strong>BOG-1<\/strong>,&nbsp;<strong>BIS-8<\/strong><\/td><\/tr><tr><td>09.04.07<\/td><td class=\"has-text-align-center\" data-align=\"center\">NL<\/td><td class=\"has-text-align-right\" data-align=\"right\">CAC, CACIB,&nbsp;<strong>BOB<\/strong>,&nbsp;<strong>BOG-3<\/strong><\/td><\/tr><tr><td>07.04.07<\/td><td class=\"has-text-align-center\" data-align=\"center\">DK<\/td><td class=\"has-text-align-right\" data-align=\"right\">CAC<\/td><\/tr><tr><td>01.04.07<\/td><td class=\"has-text-align-center\" data-align=\"center\">LU<\/td><td class=\"has-text-align-right\" data-align=\"right\">CACL, CACIB \/&nbsp;<strong>Luxembourg Champion<\/strong><\/td><\/tr><tr><td>24.03.07<\/td><td class=\"has-text-align-center\" data-align=\"center\">NL<\/td><td class=\"has-text-align-right\" data-align=\"right\">CAC, CACIB,&nbsp;<strong>BOB<\/strong>,&nbsp;<strong>BOG-2<\/strong><\/td><\/tr><tr><td>17.03.07<\/td><td class=\"has-text-align-center\" data-align=\"center\">DK<\/td><td class=\"has-text-align-right\" data-align=\"right\">CAC<\/td><\/tr><\/tbody><\/table><\/figure>\n\n\n\n<div style=\"height:30px\" aria-hidden=\"true\" class=\"wp-block-spacer\"><\/div>\n\n\n\n<div class=\"wp-block-columns is-layout-flex wp-container-core-columns-is-layout-1 wp-block-columns-is-layout-flex\">\n<div class=\"wp-block-column is-layout-flow wp-block-column-is-layout-flow\">\n<figure class=\"wp-block-embed is-type-video is-provider-youtube wp-block-embed-youtube wp-embed-aspect-4-3 wp-has-aspect-ratio\"><div class=\"wp-block-embed__wrapper\">\n<iframe loading=\"lazy\" title=\"Shema&#039;s Mia Mystic Excaliber\" width=\"800\" height=\"600\" src=\"https:\/\/www.youtube.com\/embed\/SAfP28PCN-E?feature=oembed\" frameborder=\"0\" allow=\"accelerometer; autoplay; clipboard-write; encrypted-media; gyroscope; picture-in-picture; web-share\" referrerpolicy=\"strict-origin-when-cross-origin\" allowfullscreen><\/iframe>\n<\/div><\/figure>\n<\/div>\n\n\n\n<div class=\"wp-block-column is-vertically-aligned-center is-layout-flow wp-block-column-is-layout-flow\">\n<figure class=\"wp-block-gallery has-nested-images columns-default is-cropped wp-block-gallery-2 is-layout-flex wp-block-gallery-is-layout-flex\">\n<figure class=\"wp-block-image size-large\"><a href=\"https:\/\/xodogs.com\/wp-content\/uploads\/2024\/04\/Luxembourg-champion-Excaliber.jpg\" target=\"_blank\" rel=\"noreferrer noopener\"><img loading=\"lazy\" decoding=\"async\" width=\"564\" height=\"400\" src=\"https:\/\/xodogs.com\/wp-content\/uploads\/2024\/04\/Luxembourg-champion-Excaliber.jpg\" alt=\"\" class=\"wp-image-245\" srcset=\"https:\/\/xodogs.com\/wp-content\/uploads\/2024\/04\/Luxembourg-champion-Excaliber.jpg 564w, https:\/\/xodogs.com\/wp-content\/uploads\/2024\/04\/Luxembourg-champion-Excaliber-300x213.jpg 300w\" sizes=\"(max-width: 564px) 100vw, 564px\" \/><\/a><\/figure>\n\n\n\n<figure data-wp-context=\"{&quot;uploadedSrc&quot;:&quot;https:\\\/\\\/xodogs.com\\\/wp-content\\\/uploads\\\/2024\\\/04\\\/Cornut_Dolly_and_Ex-2.jpg&quot;,&quot;figureClassNames&quot;:&quot;wp-block-image size-large&quot;,&quot;figureStyles&quot;:null,&quot;imgClassNames&quot;:&quot;wp-image-250&quot;,&quot;imgStyles&quot;:null,&quot;targetWidth&quot;:504,&quot;targetHeight&quot;:383,&quot;scaleAttr&quot;:false,&quot;ariaLabel&quot;:&quot;Zv\\u011bt\\u0161it obr\\u00e1zek&quot;,&quot;alt&quot;:&quot;&quot;}\" data-wp-interactive=\"core\/image\" class=\"wp-block-image size-large wp-lightbox-container\"><img loading=\"lazy\" decoding=\"async\" width=\"504\" height=\"383\" data-wp-init=\"callbacks.setButtonStyles\" data-wp-on--click=\"actions.showLightbox\" data-wp-on--load=\"callbacks.setButtonStyles\" data-wp-on-window--resize=\"callbacks.setButtonStyles\" src=\"https:\/\/xodogs.com\/wp-content\/uploads\/2024\/04\/Cornut_Dolly_and_Ex-2.jpg\" alt=\"\" class=\"wp-image-250\" srcset=\"https:\/\/xodogs.com\/wp-content\/uploads\/2024\/04\/Cornut_Dolly_and_Ex-2.jpg 504w, https:\/\/xodogs.com\/wp-content\/uploads\/2024\/04\/Cornut_Dolly_and_Ex-2-300x228.jpg 300w\" sizes=\"(max-width: 504px) 100vw, 504px\" \/><button\n\t\t\tclass=\"lightbox-trigger\"\n\t\t\ttype=\"button\"\n\t\t\taria-haspopup=\"dialog\"\n\t\t\taria-label=\"Zv\u011bt\u0161it obr\u00e1zek\"\n\t\t\tdata-wp-init=\"callbacks.initTriggerButton\"\n\t\t\tdata-wp-on--click=\"actions.showLightbox\"\n\t\t\tdata-wp-style--right=\"context.imageButtonRight\"\n\t\t\tdata-wp-style--top=\"context.imageButtonTop\"\n\t\t>\n\t\t\t<svg xmlns=\"http:\/\/www.w3.org\/2000\/svg\" width=\"12\" height=\"12\" fill=\"none\" viewBox=\"0 0 12 12\">\n\t\t\t\t<path fill=\"#fff\" d=\"M2 0a2 2 0 0 0-2 2v2h1.5V2a.5.5 0 0 1 .5-.5h2V0H2Zm2 10.5H2a.5.5 0 0 1-.5-.5V8H0v2a2 2 0 0 0 2 2h2v-1.5ZM8 12v-1.5h2a.5.5 0 0 0 .5-.5V8H12v2a2 2 0 0 1-2 2H8Zm2-12a2 2 0 0 1 2 2v2h-1.5V2a.5.5 0 0 0-.5-.5H8V0h2Z\" \/>\n\t\t\t<\/svg>\n\t\t<\/button><\/figure>\n\n\n\n<figure data-wp-context=\"{&quot;uploadedSrc&quot;:&quot;https:\\\/\\\/xodogs.com\\\/wp-content\\\/uploads\\\/2024\\\/04\\\/Cornut_Dolly_and_Ex.jpg&quot;,&quot;figureClassNames&quot;:&quot;wp-block-image size-large&quot;,&quot;figureStyles&quot;:null,&quot;imgClassNames&quot;:&quot;wp-image-251&quot;,&quot;imgStyles&quot;:null,&quot;targetWidth&quot;:492,&quot;targetHeight&quot;:370,&quot;scaleAttr&quot;:false,&quot;ariaLabel&quot;:&quot;Zv\\u011bt\\u0161it obr\\u00e1zek&quot;,&quot;alt&quot;:&quot;&quot;}\" data-wp-interactive=\"core\/image\" class=\"wp-block-image size-large wp-lightbox-container\"><img loading=\"lazy\" decoding=\"async\" width=\"492\" height=\"370\" data-wp-init=\"callbacks.setButtonStyles\" data-wp-on--click=\"actions.showLightbox\" data-wp-on--load=\"callbacks.setButtonStyles\" data-wp-on-window--resize=\"callbacks.setButtonStyles\" src=\"https:\/\/xodogs.com\/wp-content\/uploads\/2024\/04\/Cornut_Dolly_and_Ex.jpg\" alt=\"\" class=\"wp-image-251\" srcset=\"https:\/\/xodogs.com\/wp-content\/uploads\/2024\/04\/Cornut_Dolly_and_Ex.jpg 492w, https:\/\/xodogs.com\/wp-content\/uploads\/2024\/04\/Cornut_Dolly_and_Ex-300x226.jpg 300w\" sizes=\"(max-width: 492px) 100vw, 492px\" \/><button\n\t\t\tclass=\"lightbox-trigger\"\n\t\t\ttype=\"button\"\n\t\t\taria-haspopup=\"dialog\"\n\t\t\taria-label=\"Zv\u011bt\u0161it obr\u00e1zek\"\n\t\t\tdata-wp-init=\"callbacks.initTriggerButton\"\n\t\t\tdata-wp-on--click=\"actions.showLightbox\"\n\t\t\tdata-wp-style--right=\"context.imageButtonRight\"\n\t\t\tdata-wp-style--top=\"context.imageButtonTop\"\n\t\t>\n\t\t\t<svg xmlns=\"http:\/\/www.w3.org\/2000\/svg\" width=\"12\" height=\"12\" fill=\"none\" viewBox=\"0 0 12 12\">\n\t\t\t\t<path fill=\"#fff\" d=\"M2 0a2 2 0 0 0-2 2v2h1.5V2a.5.5 0 0 1 .5-.5h2V0H2Zm2 10.5H2a.5.5 0 0 1-.5-.5V8H0v2a2 2 0 0 0 2 2h2v-1.5ZM8 12v-1.5h2a.5.5 0 0 0 .5-.5V8H12v2a2 2 0 0 1-2 2H8Zm2-12a2 2 0 0 1 2 2v2h-1.5V2a.5.5 0 0 0-.5-.5H8V0h2Z\" \/>\n\t\t\t<\/svg>\n\t\t<\/button><\/figure>\n\n\n\n<figure class=\"wp-block-image size-large\"><a href=\"https:\/\/xodogs.com\/wp-content\/uploads\/2024\/04\/Luxembourg-champion-Excaliber-2.jpg\" target=\"_blank\" rel=\"noreferrer noopener\"><img loading=\"lazy\" decoding=\"async\" width=\"574\" height=\"400\" src=\"https:\/\/xodogs.com\/wp-content\/uploads\/2024\/04\/Luxembourg-champion-Excaliber-2.jpg\" alt=\"\" class=\"wp-image-252\" srcset=\"https:\/\/xodogs.com\/wp-content\/uploads\/2024\/04\/Luxembourg-champion-Excaliber-2.jpg 574w, https:\/\/xodogs.com\/wp-content\/uploads\/2024\/04\/Luxembourg-champion-Excaliber-2-300x209.jpg 300w\" sizes=\"(max-width: 574px) 100vw, 574px\" \/><\/a><\/figure>\n\n\n\n<figure class=\"wp-block-image size-large\"><a href=\"https:\/\/xodogs.com\/wp-content\/uploads\/2024\/04\/Ex_faraohond_015-copy.jpg\" target=\"_blank\" rel=\"noreferrer noopener\"><img loading=\"lazy\" decoding=\"async\" width=\"499\" height=\"402\" src=\"https:\/\/xodogs.com\/wp-content\/uploads\/2024\/04\/Ex_faraohond_015-copy.jpg\" alt=\"\" class=\"wp-image-248\" srcset=\"https:\/\/xodogs.com\/wp-content\/uploads\/2024\/04\/Ex_faraohond_015-copy.jpg 499w, https:\/\/xodogs.com\/wp-content\/uploads\/2024\/04\/Ex_faraohond_015-copy-300x242.jpg 300w\" sizes=\"(max-width: 499px) 100vw, 499px\" \/><\/a><\/figure>\n\n\n\n<figure data-wp-context=\"{&quot;uploadedSrc&quot;:&quot;https:\\\/\\\/xodogs.com\\\/wp-content\\\/uploads\\\/2024\\\/04\\\/Ex_faraohond_024copy.jpg&quot;,&quot;figureClassNames&quot;:&quot;wp-block-image size-large&quot;,&quot;figureStyles&quot;:null,&quot;imgClassNames&quot;:&quot;wp-image-253&quot;,&quot;imgStyles&quot;:null,&quot;targetWidth&quot;:314,&quot;targetHeight&quot;:404,&quot;scaleAttr&quot;:false,&quot;ariaLabel&quot;:&quot;Zv\\u011bt\\u0161it obr\\u00e1zek&quot;,&quot;alt&quot;:&quot;&quot;}\" data-wp-interactive=\"core\/image\" class=\"wp-block-image size-large wp-lightbox-container\"><img loading=\"lazy\" decoding=\"async\" width=\"314\" height=\"404\" data-wp-init=\"callbacks.setButtonStyles\" data-wp-on--click=\"actions.showLightbox\" data-wp-on--load=\"callbacks.setButtonStyles\" data-wp-on-window--resize=\"callbacks.setButtonStyles\" src=\"https:\/\/xodogs.com\/wp-content\/uploads\/2024\/04\/Ex_faraohond_024copy.jpg\" alt=\"\" class=\"wp-image-253\" srcset=\"https:\/\/xodogs.com\/wp-content\/uploads\/2024\/04\/Ex_faraohond_024copy.jpg 314w, https:\/\/xodogs.com\/wp-content\/uploads\/2024\/04\/Ex_faraohond_024copy-233x300.jpg 233w\" sizes=\"(max-width: 314px) 100vw, 314px\" \/><button\n\t\t\tclass=\"lightbox-trigger\"\n\t\t\ttype=\"button\"\n\t\t\taria-haspopup=\"dialog\"\n\t\t\taria-label=\"Zv\u011bt\u0161it obr\u00e1zek\"\n\t\t\tdata-wp-init=\"callbacks.initTriggerButton\"\n\t\t\tdata-wp-on--click=\"actions.showLightbox\"\n\t\t\tdata-wp-style--right=\"context.imageButtonRight\"\n\t\t\tdata-wp-style--top=\"context.imageButtonTop\"\n\t\t>\n\t\t\t<svg xmlns=\"http:\/\/www.w3.org\/2000\/svg\" width=\"12\" height=\"12\" fill=\"none\" viewBox=\"0 0 12 12\">\n\t\t\t\t<path fill=\"#fff\" d=\"M2 0a2 2 0 0 0-2 2v2h1.5V2a.5.5 0 0 1 .5-.5h2V0H2Zm2 10.5H2a.5.5 0 0 1-.5-.5V8H0v2a2 2 0 0 0 2 2h2v-1.5ZM8 12v-1.5h2a.5.5 0 0 0 .5-.5V8H12v2a2 2 0 0 1-2 2H8Zm2-12a2 2 0 0 1 2 2v2h-1.5V2a.5.5 0 0 0-.5-.5H8V0h2Z\" \/>\n\t\t\t<\/svg>\n\t\t<\/button><\/figure>\n\n\n\n<figure class=\"wp-block-image size-large\"><a href=\"https:\/\/xodogs.com\/wp-content\/uploads\/2024\/04\/Krommenie_Dolly_and_Ex_march07.jpg\" target=\"_blank\" rel=\"noreferrer noopener\"><img loading=\"lazy\" decoding=\"async\" width=\"533\" height=\"400\" src=\"https:\/\/xodogs.com\/wp-content\/uploads\/2024\/04\/Krommenie_Dolly_and_Ex_march07.jpg\" alt=\"\" class=\"wp-image-249\" srcset=\"https:\/\/xodogs.com\/wp-content\/uploads\/2024\/04\/Krommenie_Dolly_and_Ex_march07.jpg 533w, https:\/\/xodogs.com\/wp-content\/uploads\/2024\/04\/Krommenie_Dolly_and_Ex_march07-300x225.jpg 300w\" sizes=\"(max-width: 533px) 100vw, 533px\" \/><\/a><\/figure>\n\n\n\n<figure class=\"wp-block-image size-large\"><a href=\"https:\/\/xodogs.com\/wp-content\/uploads\/2024\/04\/Ex_trophies_europe.jpg\" target=\"_blank\" rel=\"noreferrer noopener\"><img loading=\"lazy\" decoding=\"async\" width=\"658\" height=\"411\" src=\"https:\/\/xodogs.com\/wp-content\/uploads\/2024\/04\/Ex_trophies_europe.jpg\" alt=\"\" class=\"wp-image-244\" srcset=\"https:\/\/xodogs.com\/wp-content\/uploads\/2024\/04\/Ex_trophies_europe.jpg 658w, https:\/\/xodogs.com\/wp-content\/uploads\/2024\/04\/Ex_trophies_europe-300x187.jpg 300w, https:\/\/xodogs.com\/wp-content\/uploads\/2024\/04\/Ex_trophies_europe-480x300.jpg 480w, https:\/\/xodogs.com\/wp-content\/uploads\/2024\/04\/Ex_trophies_europe-640x400.jpg 640w\" sizes=\"(max-width: 658px) 100vw, 658px\" \/><\/a><\/figure>\n\n\n\n<figure class=\"wp-block-image size-large\"><img loading=\"lazy\" decoding=\"async\" width=\"540\" height=\"450\" src=\"https:\/\/xodogs.com\/wp-content\/uploads\/2024\/04\/shemas_mia_mystic_excaliber-nl-ch-may-2007.jpg\" alt=\"\" class=\"wp-image-246\" srcset=\"https:\/\/xodogs.com\/wp-content\/uploads\/2024\/04\/shemas_mia_mystic_excaliber-nl-ch-may-2007.jpg 540w, https:\/\/xodogs.com\/wp-content\/uploads\/2024\/04\/shemas_mia_mystic_excaliber-nl-ch-may-2007-300x250.jpg 300w\" sizes=\"(max-width: 540px) 100vw, 540px\" \/><\/figure>\n<\/figure>\n<\/div>\n<\/div>\n","protected":false},"excerpt":{"rendered":"<p>AKC Champion, Luxembourg Champion, Netherlands Champion, Best in Specialty show winAward of Merit at Westminster, AKC Stud Dog of Merit, BIS placements, BIG placements, Multiple BOB, CACIB, CACShema&#8217;s Mia Mystic &#8230;<\/p>\n","protected":false},"author":1,"featured_media":0,"parent":0,"menu_order":0,"comment_status":"closed","ping_status":"closed","template":"","meta":{"footnotes":""},"_links":{"self":[{"href":"https:\/\/xodogs.com\/index.php\/wp-json\/wp\/v2\/pages\/233"}],"collection":[{"href":"https:\/\/xodogs.com\/index.php\/wp-json\/wp\/v2\/pages"}],"about":[{"href":"https:\/\/xodogs.com\/index.php\/wp-json\/wp\/v2\/types\/page"}],"author":[{"embeddable":true,"href":"https:\/\/xodogs.com\/index.php\/wp-json\/wp\/v2\/users\/1"}],"replies":[{"embeddable":true,"href":"https:\/\/xodogs.com\/index.php\/wp-json\/wp\/v2\/comments?post=233"}],"version-history":[{"count":56,"href":"https:\/\/xodogs.com\/index.php\/wp-json\/wp\/v2\/pages\/233\/revisions"}],"predecessor-version":[{"id":503,"href":"https:\/\/xodogs.com\/index.php\/wp-json\/wp\/v2\/pages\/233\/revisions\/503"}],"wp:attachment":[{"href":"https:\/\/xodogs.com\/index.php\/wp-json\/wp\/v2\/media?parent=233"}],"curies":[{"name":"wp","href":"https:\/\/api.w.org\/{rel}","templated":true}]}}